{"id":21421,"date":"2017-03-24T17:19:55","date_gmt":"2017-03-24T20:19:55","guid":{"rendered":"http:\/\/80a03fe5.ngrok.io\/funbio\/"},"modified":"2024-01-09T10:40:26","modified_gmt":"2024-01-09T13:40:26","slug":"funbio","status":"publish","type":"page","link":"https:\/\/www.funbio.org.br\/en\/","title":{"rendered":"FUNBIO"},"content":{"rendered":"<p><a href=\"https:\/\/www.funbio.org.br\">O Fundo Brasileiro para a Biodiversidade, Funbio<\/a>, \u00e9 uma associa\u00e7\u00e3o civil sem fins lucrativos, que iniciou sua opera\u00e7\u00e3o em 1996. \u00c9 um mecanismo financeiro inovador, criado para desenvolver estrat\u00e9gias que contribuam para a implementa\u00e7\u00e3o da <a href=\"http:\/\/www.mma.gov.br\/informma\/item\/7513-conven\u00e7\u00e3o-sobre-diversidade-biol\u00f3gica-cdb\">Conven\u00e7\u00e3o sobre Diversidade Biol\u00f3gica (CDB) no Brasil<\/a>. Ao longo dos seus 21 anos de opera\u00e7\u00e3o, o Funbio atua como parceiro estrat\u00e9gico do setor privado, de diferentes \u00f3rg\u00e3os p\u00fablicos estaduais e federais e da sociedade civil organizada.<\/p>\n<p>Essas parcerias viabilizam os investimentos socioambientais das empresas e a redu\u00e7\u00e3o e mitiga\u00e7\u00e3o de seus impactos, bem como o cumprimento de suas obriga\u00e7\u00f5es legais. Na esfera p\u00fablica, visam consolidar pol\u00edticas de conserva\u00e7\u00e3o e viabilizar programas de financiamento ambiental.<\/p>\n<h3>COMO TRABALHAMOS<\/h3>\n<h4>Unidades de Doa\u00e7\u00f5es Nacionais e Internacionais<\/h4>\n<p>Gerencia projetos financiados por recursos com origem em doa\u00e7\u00f5es privadas e acordos bi e multilaterais assinados com o governo brasileiro. Entre os projetos gerenciados est\u00e3o o \u00c1reas Protegidas da Amaz\u00f4nia (Arpa), maior programa de prote\u00e7\u00e3o de florestas tropicais do mundo, e o \u00c1reas Marinhas Protegidas (GEF Mar), que aumentar\u00e1 de 1,5% para 5% a superf\u00edcie marinha e costeira protegida do Brasil. A gest\u00e3o dos projetos \u00e9 feita segundo regras espec\u00edficas dos contratos firmados com os doadores.<\/p>\n<h4>Unidade de Obriga\u00e7\u00f5es Legais<\/h4>\n<p>Gerencia projetos financiados por recursos com origem em obriga\u00e7\u00f5es legais, como compensa\u00e7\u00f5es ambientais, medidas compensat\u00f3rias, convers\u00f5es de multas e condicionantes de licen\u00e7a ambiental, formalizados por meio de contratos, termos de compromisso, de acordo judicial (TAJs) ou de ajustamento de conduta (TACs). Entre as iniciativas gerenciadas est\u00e3o o Mecanismo para a Conserva\u00e7\u00e3o da Biodiversidade do Estado do Rio de Janeiro (Fundo da Mata Atl\u00e2ntica &#8211; FMA\/RJ), que executa recursos de compensa\u00e7\u00f5es ambientais em Unidades de Conserva\u00e7\u00e3o (UCs) do estado, e a maior iniciativa coordenada sobre toninhas (os golfinhos mais amea\u00e7ados do Atl\u00e2ntico brasileiro), que t\u00eam recursos provenientes de um TAC celebrado com o Minist\u00e9rio P\u00fablico Federal.<\/p>\n<p>&nbsp;<\/p>\n","protected":false},"excerpt":{"rendered":"<p>O Fundo Brasileiro para a Biodiversidade, Funbio, \u00e9 uma associa\u00e7\u00e3o civil sem fins lucrativos, que iniciou sua opera\u00e7\u00e3o em 1996. \u00c9 um mecanismo financeiro inovador, criado para desenvolver estrat\u00e9gias que contribuam para a implementa\u00e7\u00e3o da Conven\u00e7\u00e3o sobre Diversidade Biol\u00f3gica (CDB) no Brasil. Ao longo dos seus 21 anos de opera\u00e7\u00e3o, o Funbio atua como parceiro [&hellip;]<\/p>\n","protected":false},"author":34,"featured_media":0,"parent":0,"menu_order":0,"comment_status":"closed","ping_status":"closed","template":"","meta":{"_acf_changed":false,"inline_featured_image":false,"footnotes":""},"class_list":["post-21421","page","type-page","status-publish","hentry"],"acf":[],"yoast_head":"<!-- This site is optimized with the Yoast SEO plugin v26.6 - https:\/\/yoast.com\/wordpress\/plugins\/seo\/ -->\n<title>Fundo Brasileiro para a Biodiversidade | FUNBIO<\/title>\n<meta name=\"description\" content=\"O FUNBIO \u00e9 uma associa\u00e7\u00e3o civil sem fins lucrativos, que h\u00e1 mais de 20 anos trabalha para a conserva\u00e7\u00e3o da biodiversidade no Brasil.\" \/>\n<meta name=\"robots\" content=\"index, follow, max-snippet:-1, max-image-preview:large, max-video-preview:-1\" \/>\n<link rel=\"canonical\" href=\"https:\/\/www.funbio.org.br\/en\/\" \/>\n<meta property=\"og:locale\" content=\"en_US\" \/>\n<meta property=\"og:type\" content=\"article\" \/>\n<meta property=\"og:title\" content=\"Fundo Brasileiro para a Biodiversidade | FUNBIO\" \/>\n<meta property=\"og:description\" content=\"O FUNBIO \u00e9 uma associa\u00e7\u00e3o civil sem fins lucrativos, que h\u00e1 mais de 20 anos trabalha para a conserva\u00e7\u00e3o da biodiversidade no Brasil.\" \/>\n<meta property=\"og:url\" content=\"https:\/\/www.funbio.org.br\/en\/\" \/>\n<meta property=\"og:site_name\" content=\"FUNBIO\" \/>\n<meta property=\"article:publisher\" content=\"https:\/\/www.facebook.com\/funbio.org.br\/\" \/>\n<meta property=\"article:modified_time\" content=\"2024-01-09T13:40:26+00:00\" \/>\n<meta property=\"og:image\" content=\"https:\/\/www.funbio.org.br\/wp-content\/uploads\/2024\/09\/Novo-Projeto.png\" \/>\n\t<meta property=\"og:image:width\" content=\"500\" \/>\n\t<meta property=\"og:image:height\" content=\"500\" \/>\n\t<meta property=\"og:image:type\" content=\"image\/png\" \/>\n<meta name=\"twitter:card\" content=\"summary_large_image\" \/>\n<meta name=\"twitter:site\" content=\"@funbio\" \/>\n<meta name=\"twitter:label1\" content=\"Est. reading time\" \/>\n\t<meta name=\"twitter:data1\" content=\"2 minutes\" \/>\n<script type=\"application\/ld+json\" class=\"yoast-schema-graph\">{\"@context\":\"https:\/\/schema.org\",\"@graph\":[{\"@type\":\"WebPage\",\"@id\":\"https:\/\/www.funbio.org.br\/en\/\",\"url\":\"https:\/\/www.funbio.org.br\/en\/\",\"name\":\"Fundo Brasileiro para a Biodiversidade | FUNBIO\",\"isPartOf\":{\"@id\":\"https:\/\/www.funbio.org.br\/#website\"},\"datePublished\":\"2017-03-24T20:19:55+00:00\",\"dateModified\":\"2024-01-09T13:40:26+00:00\",\"description\":\"O FUNBIO \u00e9 uma associa\u00e7\u00e3o civil sem fins lucrativos, que h\u00e1 mais de 20 anos trabalha para a conserva\u00e7\u00e3o da biodiversidade no Brasil.\",\"breadcrumb\":{\"@id\":\"https:\/\/www.funbio.org.br\/en\/#breadcrumb\"},\"inLanguage\":\"en-US\",\"potentialAction\":[{\"@type\":\"ReadAction\",\"target\":[\"https:\/\/www.funbio.org.br\/en\/\"]}]},{\"@type\":\"BreadcrumbList\",\"@id\":\"https:\/\/www.funbio.org.br\/en\/#breadcrumb\",\"itemListElement\":[{\"@type\":\"ListItem\",\"position\":1,\"name\":\"Home\",\"item\":\"https:\/\/www.funbio.org.br\/en\/\"},{\"@type\":\"ListItem\",\"position\":2,\"name\":\"FUNBIO\"}]},{\"@type\":\"WebSite\",\"@id\":\"https:\/\/www.funbio.org.br\/#website\",\"url\":\"https:\/\/www.funbio.org.br\/\",\"name\":\"FUNBIO\",\"description\":\"Refer\u00eancia na viabiliza\u00e7\u00e3o dos recursos estrat\u00e9gicos e solu\u00e7\u00f5es para a conserva\u00e7\u00e3o da Biodiversidade.\",\"publisher\":{\"@id\":\"https:\/\/www.funbio.org.br\/#organization\"},\"potentialAction\":[{\"@type\":\"SearchAction\",\"target\":{\"@type\":\"EntryPoint\",\"urlTemplate\":\"https:\/\/www.funbio.org.br\/?s={search_term_string}\"},\"query-input\":{\"@type\":\"PropertyValueSpecification\",\"valueRequired\":true,\"valueName\":\"search_term_string\"}}],\"inLanguage\":\"en-US\"},{\"@type\":\"Organization\",\"@id\":\"https:\/\/www.funbio.org.br\/#organization\",\"name\":\"Fundo Brasileiro para a Biodiversidade\",\"url\":\"https:\/\/www.funbio.org.br\/\",\"logo\":{\"@type\":\"ImageObject\",\"inLanguage\":\"en-US\",\"@id\":\"https:\/\/www.funbio.org.br\/#\/schema\/logo\/image\/\",\"url\":\"https:\/\/www.funbio.org.br\/wp-content\/uploads\/2018\/05\/funbio_logo_horizontal_cor_jpg.jpg\",\"contentUrl\":\"https:\/\/www.funbio.org.br\/wp-content\/uploads\/2018\/05\/funbio_logo_horizontal_cor_jpg.jpg\",\"width\":1024,\"height\":341,\"caption\":\"Fundo Brasileiro para a Biodiversidade\"},\"image\":{\"@id\":\"https:\/\/www.funbio.org.br\/#\/schema\/logo\/image\/\"},\"sameAs\":[\"https:\/\/www.facebook.com\/funbio.org.br\/\",\"https:\/\/x.com\/funbio\",\"https:\/\/www.instagram.com\/funbio_brasil\/\",\"https:\/\/www.youtube.com\/user\/FunbioTube\"]}]}<\/script>\n<!-- \/ Yoast SEO plugin. -->","yoast_head_json":{"title":"Fundo Brasileiro para a Biodiversidade | FUNBIO","description":"O FUNBIO \u00e9 uma associa\u00e7\u00e3o civil sem fins lucrativos, que h\u00e1 mais de 20 anos trabalha para a conserva\u00e7\u00e3o da biodiversidade no Brasil.","robots":{"index":"index","follow":"follow","max-snippet":"max-snippet:-1","max-image-preview":"max-image-preview:large","max-video-preview":"max-video-preview:-1"},"canonical":"https:\/\/www.funbio.org.br\/en\/","og_locale":"en_US","og_type":"article","og_title":"Fundo Brasileiro para a Biodiversidade | FUNBIO","og_description":"O FUNBIO \u00e9 uma associa\u00e7\u00e3o civil sem fins lucrativos, que h\u00e1 mais de 20 anos trabalha para a conserva\u00e7\u00e3o da biodiversidade no Brasil.","og_url":"https:\/\/www.funbio.org.br\/en\/","og_site_name":"FUNBIO","article_publisher":"https:\/\/www.facebook.com\/funbio.org.br\/","article_modified_time":"2024-01-09T13:40:26+00:00","og_image":[{"width":500,"height":500,"url":"https:\/\/www.funbio.org.br\/wp-content\/uploads\/2024\/09\/Novo-Projeto.png","type":"image\/png"}],"twitter_card":"summary_large_image","twitter_site":"@funbio","twitter_misc":{"Est. reading time":"2 minutes"},"schema":{"@context":"https:\/\/schema.org","@graph":[{"@type":"WebPage","@id":"https:\/\/www.funbio.org.br\/en\/","url":"https:\/\/www.funbio.org.br\/en\/","name":"Fundo Brasileiro para a Biodiversidade | FUNBIO","isPartOf":{"@id":"https:\/\/www.funbio.org.br\/#website"},"datePublished":"2017-03-24T20:19:55+00:00","dateModified":"2024-01-09T13:40:26+00:00","description":"O FUNBIO \u00e9 uma associa\u00e7\u00e3o civil sem fins lucrativos, que h\u00e1 mais de 20 anos trabalha para a conserva\u00e7\u00e3o da biodiversidade no Brasil.","breadcrumb":{"@id":"https:\/\/www.funbio.org.br\/en\/#breadcrumb"},"inLanguage":"en-US","potentialAction":[{"@type":"ReadAction","target":["https:\/\/www.funbio.org.br\/en\/"]}]},{"@type":"BreadcrumbList","@id":"https:\/\/www.funbio.org.br\/en\/#breadcrumb","itemListElement":[{"@type":"ListItem","position":1,"name":"Home","item":"https:\/\/www.funbio.org.br\/en\/"},{"@type":"ListItem","position":2,"name":"FUNBIO"}]},{"@type":"WebSite","@id":"https:\/\/www.funbio.org.br\/#website","url":"https:\/\/www.funbio.org.br\/","name":"FUNBIO","description":"Refer\u00eancia na viabiliza\u00e7\u00e3o dos recursos estrat\u00e9gicos e solu\u00e7\u00f5es para a conserva\u00e7\u00e3o da Biodiversidade.","publisher":{"@id":"https:\/\/www.funbio.org.br\/#organization"},"potentialAction":[{"@type":"SearchAction","target":{"@type":"EntryPoint","urlTemplate":"https:\/\/www.funbio.org.br\/?s={search_term_string}"},"query-input":{"@type":"PropertyValueSpecification","valueRequired":true,"valueName":"search_term_string"}}],"inLanguage":"en-US"},{"@type":"Organization","@id":"https:\/\/www.funbio.org.br\/#organization","name":"Fundo Brasileiro para a Biodiversidade","url":"https:\/\/www.funbio.org.br\/","logo":{"@type":"ImageObject","inLanguage":"en-US","@id":"https:\/\/www.funbio.org.br\/#\/schema\/logo\/image\/","url":"https:\/\/www.funbio.org.br\/wp-content\/uploads\/2018\/05\/funbio_logo_horizontal_cor_jpg.jpg","contentUrl":"https:\/\/www.funbio.org.br\/wp-content\/uploads\/2018\/05\/funbio_logo_horizontal_cor_jpg.jpg","width":1024,"height":341,"caption":"Fundo Brasileiro para a Biodiversidade"},"image":{"@id":"https:\/\/www.funbio.org.br\/#\/schema\/logo\/image\/"},"sameAs":["https:\/\/www.facebook.com\/funbio.org.br\/","https:\/\/x.com\/funbio","https:\/\/www.instagram.com\/funbio_brasil\/","https:\/\/www.youtube.com\/user\/FunbioTube"]}]}},"_links":{"self":[{"href":"https:\/\/www.funbio.org.br\/en\/wp-json\/wp\/v2\/pages\/21421","targetHints":{"allow":["GET"]}}],"collection":[{"href":"https:\/\/www.funbio.org.br\/en\/wp-json\/wp\/v2\/pages"}],"about":[{"href":"https:\/\/www.funbio.org.br\/en\/wp-json\/wp\/v2\/types\/page"}],"author":[{"embeddable":true,"href":"https:\/\/www.funbio.org.br\/en\/wp-json\/wp\/v2\/users\/34"}],"replies":[{"embeddable":true,"href":"https:\/\/www.funbio.org.br\/en\/wp-json\/wp\/v2\/comments?post=21421"}],"version-history":[{"count":35,"href":"https:\/\/www.funbio.org.br\/en\/wp-json\/wp\/v2\/pages\/21421\/revisions"}],"predecessor-version":[{"id":64385,"href":"https:\/\/www.funbio.org.br\/en\/wp-json\/wp\/v2\/pages\/21421\/revisions\/64385"}],"wp:attachment":[{"href":"https:\/\/www.funbio.org.br\/en\/wp-json\/wp\/v2\/media?parent=21421"}],"curies":[{"name":"wp","href":"https:\/\/api.w.org\/{rel}","templated":true}]}}